{"id":206,"date":"2024-03-01T12:26:36","date_gmt":"2024-03-01T12:26:36","guid":{"rendered":"https:\/\/envothemes.com\/envo-storefront\/?post_type=product&#038;p=206"},"modified":"2025-04-18T12:31:17","modified_gmt":"2025-04-18T12:31:17","slug":"womens-dress","status":"publish","type":"product","link":"https:\/\/temizisyuntarama.com\/?product=womens-dress","title":{"rendered":"Renli Y\u00fcnler"},"content":{"rendered":"<p class=\"\" data-start=\"132\" data-end=\"374\"><strong data-start=\"132\" data-end=\"149\">Renkli y\u00fcnler<\/strong>, do\u011fal y\u00fcn liflerinin farkl\u0131 renklerle boyanmas\u0131 ya da do\u011fu\u015ftan gelen renk \u00e7e\u015fitlili\u011fiyle elde edilen y\u00fcn \u00e7e\u015fitleridir. Hem geleneksel el sanatlar\u0131nda hem de modern tekstil tasar\u0131mlar\u0131nda geni\u015f bir kullan\u0131m alan\u0131na sahiptir.<\/p>\n<h4 class=\"\" data-start=\"376\" data-end=\"415\">\ud83c\udf08 Do\u011fal ve Boyanm\u0131\u015f Renkli Y\u00fcnler<\/h4>\n<ul data-start=\"417\" data-end=\"853\">\n<li class=\"\" data-start=\"417\" data-end=\"635\">\n<p class=\"\" data-start=\"419\" data-end=\"635\"><strong data-start=\"419\" data-end=\"442\">Do\u011fal renkli y\u00fcnler<\/strong>: Baz\u0131 koyun t\u00fcrleri (\u00f6rne\u011fin Karakul, Shetland veya Jacob koyunlar\u0131) do\u011fal olarak kahverengi, gri, siyah gibi tonlarda y\u00fcn \u00fcretir. Bu y\u00fcnler boyama gerektirmeden kendi do\u011fall\u0131\u011f\u0131yla kullan\u0131l\u0131r.<\/p>\n<\/li>\n<li class=\"\" data-start=\"639\" data-end=\"853\">\n<p class=\"\" data-start=\"641\" data-end=\"853\"><strong data-start=\"641\" data-end=\"667\">Boyanm\u0131\u015f renkli y\u00fcnler<\/strong>: \u0130\u015flenmi\u015f beyaz y\u00fcnler, bitkisel veya kimyasal boyalarla renklendirilerek sonsuz renk se\u00e7ene\u011fi sunar. Bu boyalar y\u00fcn\u00fcn liflerine derinlemesine n\u00fcfuz ederek uzun s\u00fcre kal\u0131c\u0131l\u0131\u011f\u0131n\u0131 korur.<\/p>\n<\/li>\n<\/ul>\n<h4 class=\"\" data-start=\"855\" data-end=\"889\">\ud83d\udca1 \u00d6zellikleri ve Avantajlar\u0131<\/h4>\n<ul data-start=\"891\" data-end=\"1403\">\n<li class=\"\" data-start=\"891\" data-end=\"1022\">\n<p class=\"\" data-start=\"893\" data-end=\"1022\"><strong data-start=\"893\" data-end=\"919\">Yarat\u0131c\u0131l\u0131\u011f\u0131 destekler<\/strong>: Renkli y\u00fcnler; oyuncak, ke\u00e7e, \u00f6rg\u00fc, s\u00fcsleme ve dokuma gibi el i\u015flerinde estetik bir \u00e7e\u015fitlilik sunar.<\/p>\n<\/li>\n<li class=\"\" data-start=\"1023\" data-end=\"1133\">\n<p class=\"\" data-start=\"1025\" data-end=\"1133\"><strong data-start=\"1025\" data-end=\"1043\">Kar\u0131\u015f\u0131m imkan\u0131<\/strong>: Farkl\u0131 renklerdeki y\u00fcnler kar\u0131\u015ft\u0131r\u0131larak benzersiz efektler ve ge\u00e7i\u015fler elde edilebilir.<\/p>\n<\/li>\n<li class=\"\" data-start=\"1134\" data-end=\"1250\">\n<p class=\"\" data-start=\"1136\" data-end=\"1250\"><strong data-start=\"1136\" data-end=\"1153\">Do\u011fal g\u00f6r\u00fcn\u00fcm<\/strong>: \u00d6zellikle bitkisel boyalarla renklendirilmi\u015f y\u00fcnler do\u011faya daha uyumlu ve yumu\u015fak tonlar ta\u015f\u0131r.<\/p>\n<\/li>\n<li class=\"\" data-start=\"1251\" data-end=\"1403\">\n<p class=\"\" data-start=\"1253\" data-end=\"1403\"><strong data-start=\"1253\" data-end=\"1295\">El sanatlar\u0131 ve e\u011fitimde tercih edilir<\/strong>: \u00d6zellikle \u00e7ocuklar i\u00e7in haz\u0131rlanan ke\u00e7e setlerinde ve e\u011fitici oyuncaklarda renkli y\u00fcnler s\u0131k\u00e7a kullan\u0131l\u0131r.<\/p>\n<\/li>\n<\/ul>\n<h4 class=\"\" data-start=\"1405\" data-end=\"1430\">\ud83e\uddf6 Kullan\u0131m Alanlar\u0131<\/h4>\n<ul data-start=\"1432\" data-end=\"1633\">\n<li class=\"\" data-start=\"1432\" data-end=\"1467\">\n<p class=\"\" data-start=\"1434\" data-end=\"1467\">Ke\u00e7e ve i\u011fne ke\u00e7esi \u00e7al\u0131\u015fmalar\u0131<\/p>\n<\/li>\n<li class=\"\" data-start=\"1468\" data-end=\"1498\">\n<p class=\"\" data-start=\"1470\" data-end=\"1498\">Renkli el \u00f6rg\u00fcs\u00fc iplikleri<\/p>\n<\/li>\n<li class=\"\" data-start=\"1499\" data-end=\"1531\">\n<p class=\"\" data-start=\"1501\" data-end=\"1531\">Sanatsal tasar\u0131m tekstilleri<\/p>\n<\/li>\n<li class=\"\" data-start=\"1532\" data-end=\"1577\">\n<p class=\"\" data-start=\"1534\" data-end=\"1577\">Dekoratif objeler, aksesuarlar ve tak\u0131lar<\/p>\n<\/li>\n<li class=\"\" data-start=\"1578\" data-end=\"1633\">\n<p class=\"\" data-start=\"1580\" data-end=\"1633\">Geleneksel kilim ve hal\u0131 motiflerinde desen olu\u015fturma<\/p>\n<\/li>\n<\/ul>\n<hr class=\"\" data-start=\"1635\" data-end=\"1638\" \/>\n<p class=\"\" data-start=\"1640\" data-end=\"1867\"><strong data-start=\"1640\" data-end=\"1654\">Renkli y\u00fcn<\/strong>, sadece bir materyal de\u011fil; ayn\u0131 zamanda bir ifade bi\u00e7imidir. Her rengi bir duyguyu, bir mevsimi ya da bir k\u00fclt\u00fcr\u00fc anlat\u0131r. Bu y\u00fczden hem sanatsal hem i\u015flevsel projelerde vazge\u00e7ilmez bir malzeme olarak \u00f6ne \u00e7\u0131kar.<\/p>\n\n    <div class=\"xs_social_share_widget xs_share_url after_content \t\tmain_content  wslu-style-1 wslu-share-box-shaped wslu-fill-colored wslu-none wslu-share-horizontal wslu-theme-font-no wslu-main_content\">\n\n\t\t\n        <ul>\n\t\t\t        <\/ul>\n    <\/div> \n","protected":false},"excerpt":{"rendered":"<p>%100 Do\u011fal<\/p>\n","protected":false},"featured_media":388,"comment_status":"open","ping_status":"closed","template":"","meta":{"postBodyCss":"","postBodyMargin":[],"postBodyPadding":[],"postBodyBackground":{"backgroundType":"classic","gradient":""}},"product_brand":[],"product_cat":[28,33],"product_tag":[],"class_list":{"0":"post-206","1":"product","2":"type-product","3":"status-publish","4":"has-post-thumbnail","6":"product_cat-yuncesitleri","7":"product_cat-yunler","9":"first","10":"instock","11":"sale","12":"featured","13":"shipping-taxable","14":"product-type-external"},"_links":{"self":[{"href":"https:\/\/temizisyuntarama.com\/index.php?rest_route=\/wp\/v2\/product\/206","targetHints":{"allow":["GET"]}}],"collection":[{"href":"https:\/\/temizisyuntarama.com\/index.php?rest_route=\/wp\/v2\/product"}],"about":[{"href":"https:\/\/temizisyuntarama.com\/index.php?rest_route=\/wp\/v2\/types\/product"}],"replies":[{"embeddable":true,"href":"https:\/\/temizisyuntarama.com\/index.php?rest_route=%2Fwp%2Fv2%2Fcomments&post=206"}],"wp:featuredmedia":[{"embeddable":true,"href":"https:\/\/temizisyuntarama.com\/index.php?rest_route=\/wp\/v2\/media\/388"}],"wp:attachment":[{"href":"https:\/\/temizisyuntarama.com\/index.php?rest_route=%2Fwp%2Fv2%2Fmedia&parent=206"}],"wp:term":[{"taxonomy":"product_brand","embeddable":true,"href":"https:\/\/temizisyuntarama.com\/index.php?rest_route=%2Fwp%2Fv2%2Fproduct_brand&post=206"},{"taxonomy":"product_cat","embeddable":true,"href":"https:\/\/temizisyuntarama.com\/index.php?rest_route=%2Fwp%2Fv2%2Fproduct_cat&post=206"},{"taxonomy":"product_tag","embeddable":true,"href":"https:\/\/temizisyuntarama.com\/index.php?rest_route=%2Fwp%2Fv2%2Fproduct_tag&post=206"}],"curies":[{"name":"wp","href":"https:\/\/api.w.org\/{rel}","templated":true}]}}