{"id":205,"date":"2024-03-01T12:26:36","date_gmt":"2024-03-01T12:26:36","guid":{"rendered":"https:\/\/envothemes.com\/envo-storefront\/?post_type=product&#038;p=205"},"modified":"2025-04-18T06:02:50","modified_gmt":"2025-04-18T06:02:50","slug":"top-pants-upper","status":"publish","type":"product","link":"https:\/\/temizisyuntarama.com\/?product=top-pants-upper","title":{"rendered":"Romney Y\u00fcn\u00fc"},"content":{"rendered":"<p class=\"\" data-start=\"117\" data-end=\"418\"><strong data-start=\"117\" data-end=\"132\">Romney y\u00fcn\u00fc<\/strong>, k\u00f6keni \u0130ngiltere\u2019nin Romney Marsh b\u00f6lgesine dayanan <strong data-start=\"186\" data-end=\"210\">Romney koyunlar\u0131ndan<\/strong> elde edilir. Bu koyunlar hem et hem de y\u00fcn verimiyle \u00e7ift ama\u00e7l\u0131 yeti\u015ftirilen, dayan\u0131kl\u0131 hayvanlard\u0131r. Romney y\u00fcn\u00fc, dengeli yap\u0131s\u0131yla hem amat\u00f6rler hem de profesyonel \u00fcreticiler i\u00e7in ideal bir malzeme sunar.<\/p>\n<h4 class=\"\" data-start=\"420\" data-end=\"440\">\ud83d\udd0d \u00d6zellikleri:<\/h4>\n<ul data-start=\"441\" data-end=\"785\">\n<li class=\"\" data-start=\"441\" data-end=\"500\">\n<p class=\"\" data-start=\"443\" data-end=\"500\"><strong data-start=\"443\" data-end=\"498\">Orta kal\u0131nl\u0131kta ve orta uzunlukta liflere sahiptir.<\/strong><\/p>\n<\/li>\n<li class=\"\" data-start=\"501\" data-end=\"588\">\n<p class=\"\" data-start=\"503\" data-end=\"588\">Lif yap\u0131s\u0131 d\u00fczg\u00fcn, az b\u00fck\u00fcml\u00fcd\u00fcr; bu da e\u011firme ve i\u015fleme s\u0131ras\u0131nda kolayl\u0131k sa\u011flar.<\/p>\n<\/li>\n<li class=\"\" data-start=\"589\" data-end=\"680\">\n<p class=\"\" data-start=\"591\" data-end=\"680\"><strong data-start=\"591\" data-end=\"610\">Do\u011fal parlakl\u0131k<\/strong> ve a\u00e7\u0131k renk tonlar\u0131 ile tan\u0131n\u0131r (genellikle beyaz veya a\u00e7\u0131k krem).<\/p>\n<\/li>\n<li class=\"\" data-start=\"681\" data-end=\"736\">\n<p class=\"\" data-start=\"683\" data-end=\"736\">Nem emme \u00f6zelli\u011fi y\u00fcksek, hava ge\u00e7irgenli\u011fi iyidir.<\/p>\n<\/li>\n<li class=\"\" data-start=\"737\" data-end=\"785\">\n<p class=\"\" data-start=\"739\" data-end=\"785\">Ka\u015f\u0131nd\u0131rma etkisi azd\u0131r, cilde daha uyumludur.<\/p>\n<\/li>\n<\/ul>\n<h4 class=\"\" data-start=\"787\" data-end=\"813\">\ud83e\uddf6 Kullan\u0131m Alanlar\u0131:<\/h4>\n<ul data-start=\"814\" data-end=\"989\">\n<li class=\"\" data-start=\"814\" data-end=\"857\">\n<p class=\"\" data-start=\"816\" data-end=\"857\">El \u00f6rg\u00fcs\u00fc iplikler ve tekstil projeleri<\/p>\n<\/li>\n<li class=\"\" data-start=\"858\" data-end=\"890\">\n<p class=\"\" data-start=\"860\" data-end=\"890\">Ke\u00e7e yap\u0131m\u0131 ve hobi \u00fcr\u00fcnleri<\/p>\n<\/li>\n<li class=\"\" data-start=\"891\" data-end=\"938\">\n<p class=\"\" data-start=\"893\" data-end=\"938\">Battaniye, yast\u0131k ve ev dekorasyon \u00fcr\u00fcnleri<\/p>\n<\/li>\n<li class=\"\" data-start=\"939\" data-end=\"989\">\n<p class=\"\" data-start=\"941\" data-end=\"989\">Giyim \u00fcr\u00fcnlerinde (\u00f6zellikle d\u0131\u015f katmanlar i\u00e7in)<\/p>\n<\/li>\n<\/ul>\n<h4 class=\"\" data-start=\"991\" data-end=\"1017\">\ud83c\udfaf Kimler \u0130\u00e7in Uygun?<\/h4>\n<p class=\"\" data-start=\"1018\" data-end=\"1233\">Romney y\u00fcn\u00fc, i\u015flenmesi kolay oldu\u011fu i\u00e7in <strong data-start=\"1059\" data-end=\"1079\">yeni ba\u015flayanlar<\/strong> i\u00e7in harika bir tercihtir. Ayn\u0131 zamanda, d\u00fczg\u00fcn yap\u0131s\u0131 ve esnekli\u011fi sayesinde <strong data-start=\"1158\" data-end=\"1198\">tecr\u00fcbeli y\u00fcn i\u015f\u00e7ileri ve \u00fcreticiler<\/strong> taraf\u0131ndan da s\u0131k\u00e7a tercih edilir.<\/p>\n\n    <div class=\"xs_social_share_widget xs_share_url after_content \t\tmain_content  wslu-style-1 wslu-share-box-shaped wslu-fill-colored wslu-none wslu-share-horizontal wslu-theme-font-no wslu-main_content\">\n\n\t\t\n        <ul>\n\t\t\t        <\/ul>\n    <\/div> \n","protected":false},"excerpt":{"rendered":"<p>%100<\/p>\n","protected":false},"featured_media":327,"comment_status":"open","ping_status":"closed","template":"","meta":{"postBodyCss":"","postBodyMargin":[],"postBodyPadding":[],"postBodyBackground":{"backgroundType":"classic","gradient":""}},"product_brand":[],"product_cat":[28,33],"product_tag":[],"class_list":{"0":"post-205","1":"product","2":"type-product","3":"status-publish","4":"has-post-thumbnail","6":"product_cat-yuncesitleri","7":"product_cat-yunler","9":"first","10":"instock","11":"sale","12":"featured","13":"shipping-taxable","14":"purchasable","15":"product-type-simple"},"_links":{"self":[{"href":"https:\/\/temizisyuntarama.com\/index.php?rest_route=\/wp\/v2\/product\/205","targetHints":{"allow":["GET"]}}],"collection":[{"href":"https:\/\/temizisyuntarama.com\/index.php?rest_route=\/wp\/v2\/product"}],"about":[{"href":"https:\/\/temizisyuntarama.com\/index.php?rest_route=\/wp\/v2\/types\/product"}],"replies":[{"embeddable":true,"href":"https:\/\/temizisyuntarama.com\/index.php?rest_route=%2Fwp%2Fv2%2Fcomments&post=205"}],"wp:featuredmedia":[{"embeddable":true,"href":"https:\/\/temizisyuntarama.com\/index.php?rest_route=\/wp\/v2\/media\/327"}],"wp:attachment":[{"href":"https:\/\/temizisyuntarama.com\/index.php?rest_route=%2Fwp%2Fv2%2Fmedia&parent=205"}],"wp:term":[{"taxonomy":"product_brand","embeddable":true,"href":"https:\/\/temizisyuntarama.com\/index.php?rest_route=%2Fwp%2Fv2%2Fproduct_brand&post=205"},{"taxonomy":"product_cat","embeddable":true,"href":"https:\/\/temizisyuntarama.com\/index.php?rest_route=%2Fwp%2Fv2%2Fproduct_cat&post=205"},{"taxonomy":"product_tag","embeddable":true,"href":"https:\/\/temizisyuntarama.com\/index.php?rest_route=%2Fwp%2Fv2%2Fproduct_tag&post=205"}],"curies":[{"name":"wp","href":"https:\/\/api.w.org\/{rel}","templated":true}]}}