{"id":204,"date":"2024-03-01T12:26:36","date_gmt":"2024-03-01T12:26:36","guid":{"rendered":"https:\/\/envothemes.com\/envo-storefront\/?post_type=product&#038;p=204"},"modified":"2025-04-19T06:58:20","modified_gmt":"2025-04-19T06:58:20","slug":"bikini","status":"publish","type":"product","link":"https:\/\/temizisyuntarama.com\/?product=bikini","title":{"rendered":"Alpaka Y\u00fcn\u00fc"},"content":{"rendered":"<p class=\"\" data-start=\"121\" data-end=\"350\"><strong data-start=\"121\" data-end=\"136\">Alpaka y\u00fcn\u00fc<\/strong>, G\u00fcney Amerika\u2019n\u0131n y\u00fcksek And da\u011flar\u0131nda ya\u015fayan <strong data-start=\"186\" data-end=\"211\">Alpaka hayvanlar\u0131ndan<\/strong> elde edilir. Bu y\u00fcn, l\u00fcks dokusu, do\u011fal parlakl\u0131\u011f\u0131 ve ola\u011fan\u00fcst\u00fc s\u0131cak tutma \u00f6zelli\u011fiyle d\u00fcnya \u00e7ap\u0131nda en de\u011ferli y\u00fcn t\u00fcrlerinden biridir.<\/p>\n<h4 class=\"\" data-start=\"352\" data-end=\"382\">\ud83c\udf1f \u00d6ne \u00c7\u0131kan \u00d6zellikleri:<\/h4>\n<ul data-start=\"384\" data-end=\"954\">\n<li class=\"\" data-start=\"384\" data-end=\"487\">\n<p class=\"\" data-start=\"386\" data-end=\"487\"><strong data-start=\"386\" data-end=\"400\">Yumu\u015fakl\u0131k<\/strong>: Ka\u015fmire yak\u0131n derecede yumu\u015fakt\u0131r; hassas ciltlerde bile rahatl\u0131kla kullan\u0131labilir.<\/p>\n<\/li>\n<li class=\"\" data-start=\"488\" data-end=\"578\">\n<p class=\"\" data-start=\"490\" data-end=\"578\"><strong data-start=\"490\" data-end=\"506\">Is\u0131 Yal\u0131t\u0131m\u0131<\/strong>: So\u011fuk havalarda ola\u011fan\u00fcst\u00fc s\u0131cak tutar, ayn\u0131 zamanda nefes alabilir.<\/p>\n<\/li>\n<li class=\"\" data-start=\"579\" data-end=\"681\">\n<p class=\"\" data-start=\"581\" data-end=\"681\"><strong data-start=\"581\" data-end=\"597\">Alerji Dostu<\/strong>: \u0130\u00e7eri\u011finde lanolin bulunmad\u0131\u011f\u0131 i\u00e7in alerjik reaksiyonlara kar\u015f\u0131 daha g\u00fcvenlidir.<\/p>\n<\/li>\n<li class=\"\" data-start=\"682\" data-end=\"781\">\n<p class=\"\" data-start=\"684\" data-end=\"781\"><strong data-start=\"684\" data-end=\"700\">Dayan\u0131kl\u0131l\u0131k<\/strong>: Alpaka lifleri olduk\u00e7a g\u00fc\u00e7l\u00fcd\u00fcr, bu da \u00fcr\u00fcnlerin uzun \u00f6m\u00fcrl\u00fc olmas\u0131n\u0131 sa\u011flar.<\/p>\n<\/li>\n<li class=\"\" data-start=\"782\" data-end=\"854\">\n<p class=\"\" data-start=\"784\" data-end=\"854\"><strong data-start=\"784\" data-end=\"803\">Do\u011fal Parlakl\u0131k<\/strong>: Kendine \u00f6zg\u00fc ipeksi parlakl\u0131\u011f\u0131yla \u015f\u0131kl\u0131k katar.<\/p>\n<\/li>\n<li class=\"\" data-start=\"855\" data-end=\"954\">\n<p class=\"\" data-start=\"857\" data-end=\"954\"><strong data-start=\"857\" data-end=\"877\">Renk \u00c7e\u015fitlili\u011fi<\/strong>: Alpaka y\u00fcn\u00fc, do\u011fal olarak 22&#8217;ye yak\u0131n renkte (beyazdan siyaha) bulunabilir.<\/p>\n<\/li>\n<\/ul>\n<h4 class=\"\" data-start=\"956\" data-end=\"982\">\ud83e\uddf6 Kullan\u0131m Alanlar\u0131:<\/h4>\n<ul data-start=\"984\" data-end=\"1220\">\n<li class=\"\" data-start=\"984\" data-end=\"1040\">\n<p class=\"\" data-start=\"986\" data-end=\"1040\">\u015eal, atk\u0131, bere gibi yumu\u015fak ve s\u0131cak tutan giysiler<\/p>\n<\/li>\n<li class=\"\" data-start=\"1041\" data-end=\"1093\">\n<p class=\"\" data-start=\"1043\" data-end=\"1093\">Bebek \u00fcr\u00fcnleri (hassas ciltler i\u00e7in m\u00fckemmeldir)<\/p>\n<\/li>\n<li class=\"\" data-start=\"1094\" data-end=\"1131\">\n<p class=\"\" data-start=\"1096\" data-end=\"1131\">L\u00fcks kazaklar, ceketler, kabanlar<\/p>\n<\/li>\n<li class=\"\" data-start=\"1132\" data-end=\"1177\">\n<p class=\"\" data-start=\"1134\" data-end=\"1177\">Battaniye, yast\u0131k ve ev tekstili \u00fcr\u00fcnleri<\/p>\n<\/li>\n<li class=\"\" data-start=\"1178\" data-end=\"1220\">\n<p class=\"\" data-start=\"1180\" data-end=\"1220\">El \u00f6rg\u00fcs\u00fc iplikleri ve sanatsal projeler<\/p>\n<\/li>\n<\/ul>\n<h4 class=\"\" data-start=\"1222\" data-end=\"1252\">\ud83c\udf0d S\u00fcrd\u00fcr\u00fclebilir ve Etik<\/h4>\n<p class=\"\" data-start=\"1254\" data-end=\"1420\">Alpakalar \u00e7evre dostu hayvanlard\u0131r: otlarken do\u011fay\u0131 tahrip etmez, \u00e7ok az su t\u00fcketirler. Bu da Alpaka y\u00fcn\u00fcn\u00fc <strong data-start=\"1362\" data-end=\"1404\">ekolojik ve s\u00fcrd\u00fcr\u00fclebilir bir se\u00e7enek<\/strong> haline getirir.<\/p>\n<hr class=\"\" data-start=\"1422\" data-end=\"1425\" \/>\n<p class=\"\" data-start=\"1427\" data-end=\"1602\"><strong data-start=\"1427\" data-end=\"1442\">Alpaka y\u00fcn\u00fc<\/strong>, zarifli\u011fi, dayan\u0131kl\u0131l\u0131\u011f\u0131 ve konforu ayn\u0131 potada eriten bir mucizedir. Hem do\u011faya hem cilde dost olmas\u0131 sayesinde her ya\u015ftan kullan\u0131c\u0131 i\u00e7in ideal bir se\u00e7imdir.<\/p>\n\n    <div class=\"xs_social_share_widget xs_share_url after_content \t\tmain_content  wslu-style-1 wslu-share-box-shaped wslu-fill-colored wslu-none wslu-share-horizontal wslu-theme-font-no wslu-main_content\">\n\n\t\t\n        <ul>\n\t\t\t        <\/ul>\n    <\/div> \n","protected":false},"excerpt":{"rendered":"<p>%100 Do\u011fal<\/p>\n","protected":false},"featured_media":400,"comment_status":"open","ping_status":"closed","template":"","meta":{"postBodyCss":"","postBodyMargin":[],"postBodyPadding":[],"postBodyBackground":{"backgroundType":"classic","gradient":""}},"product_brand":[],"product_cat":[28,33],"product_tag":[],"class_list":{"0":"post-204","1":"product","2":"type-product","3":"status-publish","4":"has-post-thumbnail","6":"product_cat-yuncesitleri","7":"product_cat-yunler","9":"first","10":"instock","11":"sale","12":"shipping-taxable","13":"purchasable","14":"product-type-simple"},"_links":{"self":[{"href":"https:\/\/temizisyuntarama.com\/index.php?rest_route=\/wp\/v2\/product\/204","targetHints":{"allow":["GET"]}}],"collection":[{"href":"https:\/\/temizisyuntarama.com\/index.php?rest_route=\/wp\/v2\/product"}],"about":[{"href":"https:\/\/temizisyuntarama.com\/index.php?rest_route=\/wp\/v2\/types\/product"}],"replies":[{"embeddable":true,"href":"https:\/\/temizisyuntarama.com\/index.php?rest_route=%2Fwp%2Fv2%2Fcomments&post=204"}],"wp:featuredmedia":[{"embeddable":true,"href":"https:\/\/temizisyuntarama.com\/index.php?rest_route=\/wp\/v2\/media\/400"}],"wp:attachment":[{"href":"https:\/\/temizisyuntarama.com\/index.php?rest_route=%2Fwp%2Fv2%2Fmedia&parent=204"}],"wp:term":[{"taxonomy":"product_brand","embeddable":true,"href":"https:\/\/temizisyuntarama.com\/index.php?rest_route=%2Fwp%2Fv2%2Fproduct_brand&post=204"},{"taxonomy":"product_cat","embeddable":true,"href":"https:\/\/temizisyuntarama.com\/index.php?rest_route=%2Fwp%2Fv2%2Fproduct_cat&post=204"},{"taxonomy":"product_tag","embeddable":true,"href":"https:\/\/temizisyuntarama.com\/index.php?rest_route=%2Fwp%2Fv2%2Fproduct_tag&post=204"}],"curies":[{"name":"wp","href":"https:\/\/api.w.org\/{rel}","templated":true}]}}