{"id":197,"date":"2024-03-01T12:26:35","date_gmt":"2024-03-01T12:26:35","guid":{"rendered":"https:\/\/envothemes.com\/envo-storefront\/?post_type=product&#038;p=197"},"modified":"2025-04-19T06:59:11","modified_gmt":"2025-04-19T06:59:11","slug":"black-trousers","status":"publish","type":"product","link":"https:\/\/temizisyuntarama.com\/?product=black-trousers","title":{"rendered":"Angora Y\u00fcn\u00fc"},"content":{"rendered":"<p class=\"\" data-start=\"146\" data-end=\"374\"><strong data-start=\"146\" data-end=\"161\">Angora y\u00fcn\u00fc<\/strong>, \u00f6zel olarak yeti\u015ftirilen <strong data-start=\"188\" data-end=\"213\">Angora tav\u015fanlar\u0131ndan<\/strong> elde edilen, d\u00fcnyan\u0131n en yumu\u015fak ve hafif do\u011fal liflerinden biridir. \u0130peksi dokusu, s\u0131cak tutma kapasitesi ve zarif g\u00f6r\u00fcn\u00fcm\u00fc ile l\u00fcks tekstilin vazge\u00e7ilmezidir.<\/p>\n<h4 class=\"\" data-start=\"376\" data-end=\"402\">\ud83c\udf1f Temel \u00d6zellikleri:<\/h4>\n<ul data-start=\"404\" data-end=\"860\">\n<li class=\"\" data-start=\"404\" data-end=\"485\">\n<p class=\"\" data-start=\"406\" data-end=\"485\"><strong data-start=\"406\" data-end=\"426\">A\u015f\u0131r\u0131 yumu\u015fakl\u0131k<\/strong>: Cilde temas etti\u011finde neredeyse pamuk kadar yumu\u015fakt\u0131r.<\/p>\n<\/li>\n<li class=\"\" data-start=\"486\" data-end=\"569\">\n<p class=\"\" data-start=\"488\" data-end=\"569\"><strong data-start=\"488\" data-end=\"510\">\u0130nan\u0131lmaz hafiflik<\/strong>: Kal\u0131n g\u00f6r\u00fcnmesine ra\u011fmen \u00e7ok hafif bir yap\u0131ya sahiptir.<\/p>\n<\/li>\n<li class=\"\" data-start=\"570\" data-end=\"707\">\n<p class=\"\" data-start=\"572\" data-end=\"707\"><strong data-start=\"572\" data-end=\"596\">M\u00fckemmel s\u0131cak tutma<\/strong>: Angora lifleri i\u00e7i bo\u015f yap\u0131s\u0131yla v\u00fccut \u0131s\u0131s\u0131n\u0131 hapseder; koyun y\u00fcn\u00fcne g\u00f6re yakla\u015f\u0131k 7 kat daha s\u0131cak tutar.<\/p>\n<\/li>\n<li class=\"\" data-start=\"708\" data-end=\"793\">\n<p class=\"\" data-start=\"710\" data-end=\"793\"><strong data-start=\"710\" data-end=\"729\">Do\u011fal parlakl\u0131k<\/strong>: Liflerin do\u011fal yap\u0131s\u0131 sayesinde y\u00fcn parlak ve zarif g\u00f6r\u00fcn\u00fcr.<\/p>\n<\/li>\n<li class=\"\" data-start=\"794\" data-end=\"860\">\n<p class=\"\" data-start=\"796\" data-end=\"860\"><strong data-start=\"796\" data-end=\"818\">\u0130yi boyanabilirlik<\/strong>: Parlak ve canl\u0131 renkler elde edilebilir.<\/p>\n<\/li>\n<\/ul>\n<h4 class=\"\" data-start=\"862\" data-end=\"888\">\ud83e\uddf6 Kullan\u0131m Alanlar\u0131:<\/h4>\n<ul data-start=\"890\" data-end=\"1097\">\n<li class=\"\" data-start=\"890\" data-end=\"937\">\n<p class=\"\" data-start=\"892\" data-end=\"937\">\u015eal, atk\u0131, kazak, bere gibi k\u0131\u015fl\u0131k giysiler<\/p>\n<\/li>\n<li class=\"\" data-start=\"938\" data-end=\"976\">\n<p class=\"\" data-start=\"940\" data-end=\"976\">Kad\u0131n modas\u0131nda l\u00fcks \u00f6rg\u00fc par\u00e7alar<\/p>\n<\/li>\n<li class=\"\" data-start=\"977\" data-end=\"1030\">\n<p class=\"\" data-start=\"979\" data-end=\"1030\">Bebek \u00fcr\u00fcnleri ve hassas ciltlere \u00f6zel tekstiller<\/p>\n<\/li>\n<li class=\"\" data-start=\"1031\" data-end=\"1066\">\n<p class=\"\" data-start=\"1033\" data-end=\"1066\">Moda aksesuarlar\u0131 ve s\u00fcslemeler<\/p>\n<\/li>\n<li class=\"\" data-start=\"1067\" data-end=\"1097\">\n<p class=\"\" data-start=\"1069\" data-end=\"1097\">El \u00f6rg\u00fcs\u00fc ve sanat projeleri<\/p>\n<\/li>\n<\/ul>\n<h4 class=\"\" data-start=\"1099\" data-end=\"1121\">\ud83d\udc07 Nereden Gelir?<\/h4>\n<p class=\"\" data-start=\"1123\" data-end=\"1328\">Angora y\u00fcn\u00fc, \u00f6zellikle <strong data-start=\"1146\" data-end=\"1181\">Fransa, Almanya, \u00c7in ve T\u00fcrkiye<\/strong> gibi \u00fclkelerde yeti\u015ftirilen <strong data-start=\"1210\" data-end=\"1235\">Angora tav\u015fanlar\u0131ndan<\/strong> elde edilir. Tav\u015fanlar genellikle taranarak ya da nazik\u00e7e t\u00fcyleri al\u0131narak y\u00fcnleri toplan\u0131r.<\/p>\n<h4 class=\"\" data-start=\"1330\" data-end=\"1359\">\ud83d\udd0d Bilinmesi Gerekenler:<\/h4>\n<ul data-start=\"1361\" data-end=\"1635\">\n<li class=\"\" data-start=\"1361\" data-end=\"1407\">\n<p class=\"\" data-start=\"1363\" data-end=\"1407\">Y\u00fcnler tav\u015fana zarar vermeden al\u0131nmal\u0131d\u0131r.<\/p>\n<\/li>\n<li class=\"\" data-start=\"1408\" data-end=\"1501\">\n<p class=\"\" data-start=\"1410\" data-end=\"1501\">Hassas yap\u0131s\u0131 nedeniyle <strong data-start=\"1434\" data-end=\"1463\">angora \u00fcr\u00fcnler \u00f6zel bak\u0131m<\/strong> ister (elde y\u0131kama, nazik kurutma).<\/p>\n<\/li>\n<li class=\"\" data-start=\"1502\" data-end=\"1635\">\n<p class=\"\" data-start=\"1504\" data-end=\"1635\">Genellikle ba\u015fka y\u00fcn t\u00fcrleriyle kar\u0131\u015ft\u0131r\u0131larak (\u00f6rne\u011fin y\u00fcn veya akrilik ile) iplik formuna getirilir, b\u00f6ylece dayan\u0131kl\u0131l\u0131\u011f\u0131 artar.<\/p>\n<\/li>\n<\/ul>\n<h4 class=\"\" data-start=\"1637\" data-end=\"1658\">\u267b\ufe0f L\u00fcks ve Do\u011fal<\/h4>\n<p class=\"\" data-start=\"1660\" data-end=\"1796\">Angora y\u00fcn\u00fc hem \u00e7evre dostu hem de yenilenebilir bir kaynakt\u0131r. Hassas yap\u0131s\u0131na ra\u011fmen do\u011fru i\u015flendi\u011finde \u00e7ok uzun \u00f6m\u00fcrl\u00fc \u00fcr\u00fcnler sunar.<\/p>\n<hr class=\"\" data-start=\"1798\" data-end=\"1801\" \/>\n<p class=\"\" data-start=\"1803\" data-end=\"2008\"><strong data-start=\"1803\" data-end=\"1818\">Angora y\u00fcn\u00fc<\/strong>, do\u011fall\u0131\u011f\u0131, s\u0131cakl\u0131\u011f\u0131 ve zarafeti ayn\u0131 anda sunan, \u015f\u0131kl\u0131k ve konforu bir araya getiren e\u015fsiz bir se\u00e7enektir. El i\u015fi tutkunlar\u0131ndan moda tasar\u0131mc\u0131lar\u0131na kadar geni\u015f bir yelpazede kullan\u0131l\u0131r.<\/p>\n\n    <div class=\"xs_social_share_widget xs_share_url after_content \t\tmain_content  wslu-style-1 wslu-share-box-shaped wslu-fill-colored wslu-none wslu-share-horizontal wslu-theme-font-no wslu-main_content\">\n\n\t\t\n        <ul>\n\t\t\t        <\/ul>\n    <\/div> \n","protected":false},"excerpt":{"rendered":"<p>%100 Do\u011fal<\/p>\n","protected":false},"featured_media":403,"comment_status":"open","ping_status":"closed","template":"","meta":{"postBodyCss":"","postBodyMargin":[],"postBodyPadding":[],"postBodyBackground":{"backgroundType":"classic","gradient":""}},"product_brand":[],"product_cat":[28],"product_tag":[],"class_list":{"0":"post-197","1":"product","2":"type-product","3":"status-publish","4":"has-post-thumbnail","6":"product_cat-yuncesitleri","8":"first","9":"instock","10":"sale","11":"shipping-taxable","12":"purchasable","13":"product-type-simple"},"_links":{"self":[{"href":"https:\/\/temizisyuntarama.com\/index.php?rest_route=\/wp\/v2\/product\/197","targetHints":{"allow":["GET"]}}],"collection":[{"href":"https:\/\/temizisyuntarama.com\/index.php?rest_route=\/wp\/v2\/product"}],"about":[{"href":"https:\/\/temizisyuntarama.com\/index.php?rest_route=\/wp\/v2\/types\/product"}],"replies":[{"embeddable":true,"href":"https:\/\/temizisyuntarama.com\/index.php?rest_route=%2Fwp%2Fv2%2Fcomments&post=197"}],"wp:featuredmedia":[{"embeddable":true,"href":"https:\/\/temizisyuntarama.com\/index.php?rest_route=\/wp\/v2\/media\/403"}],"wp:attachment":[{"href":"https:\/\/temizisyuntarama.com\/index.php?rest_route=%2Fwp%2Fv2%2Fmedia&parent=197"}],"wp:term":[{"taxonomy":"product_brand","embeddable":true,"href":"https:\/\/temizisyuntarama.com\/index.php?rest_route=%2Fwp%2Fv2%2Fproduct_brand&post=197"},{"taxonomy":"product_cat","embeddable":true,"href":"https:\/\/temizisyuntarama.com\/index.php?rest_route=%2Fwp%2Fv2%2Fproduct_cat&post=197"},{"taxonomy":"product_tag","embeddable":true,"href":"https:\/\/temizisyuntarama.com\/index.php?rest_route=%2Fwp%2Fv2%2Fproduct_tag&post=197"}],"curies":[{"name":"wp","href":"https:\/\/api.w.org\/{rel}","templated":true}]}}