{"id":196,"date":"2024-03-01T12:26:35","date_gmt":"2024-03-01T12:26:35","guid":{"rendered":"https:\/\/envothemes.com\/envo-storefront\/?post_type=product&#038;p=196"},"modified":"2025-04-18T05:48:49","modified_gmt":"2025-04-18T05:48:49","slug":"modern","status":"publish","type":"product","link":"https:\/\/temizisyuntarama.com\/?product=modern","title":{"rendered":"Karakul Y\u00fcn\u00fc"},"content":{"rendered":"<p class=\"\" data-start=\"103\" data-end=\"352\"><strong data-start=\"103\" data-end=\"119\">Karakul y\u00fcn\u00fc<\/strong>, ad\u0131n\u0131 Orta Asya k\u00f6kenli <strong data-start=\"145\" data-end=\"170\">Karakul koyunlar\u0131ndan<\/strong> al\u0131r. Bu koyunlar, zorlu iklim ko\u015fullar\u0131na dayan\u0131kl\u0131 yap\u0131lar\u0131yla bilinir ve y\u00fcnleri de bu dayan\u0131kl\u0131l\u0131\u011f\u0131 yans\u0131t\u0131r. Karakul y\u00fcn\u00fc, \u00f6zellikle kal\u0131n, k\u0131v\u0131rc\u0131k ve ya\u011fl\u0131 yap\u0131s\u0131yla tan\u0131n\u0131r.<\/p>\n<h4 class=\"\" data-start=\"354\" data-end=\"374\">\ud83d\udd0d \u00d6zellikleri:<\/h4>\n<ul data-start=\"375\" data-end=\"658\">\n<li class=\"\" data-start=\"375\" data-end=\"442\">\n<p class=\"\" data-start=\"377\" data-end=\"442\"><strong data-start=\"377\" data-end=\"407\">Kabar\u0131k ve sert lif yap\u0131s\u0131<\/strong> sayesinde g\u00fc\u00e7l\u00fc ve dayan\u0131kl\u0131d\u0131r.<\/p>\n<\/li>\n<li class=\"\" data-start=\"443\" data-end=\"532\">\n<p class=\"\" data-start=\"445\" data-end=\"532\">Renk yelpazesi olduk\u00e7a geni\u015ftir: siyah, gri, kahverengi ve beyaz tonlar\u0131nda olabilir.<\/p>\n<\/li>\n<li class=\"\" data-start=\"533\" data-end=\"582\">\n<p class=\"\" data-start=\"535\" data-end=\"582\">S\u0131kl\u0131kla do\u011fal, parlak bir g\u00f6r\u00fcn\u00fcme sahiptir.<\/p>\n<\/li>\n<li class=\"\" data-start=\"583\" data-end=\"658\">\n<p class=\"\" data-start=\"585\" data-end=\"658\">Lifleri kal\u0131n oldu\u011fu i\u00e7in daha \u00e7ok kaba dokuma \u00fcr\u00fcnlerinde tercih edilir.<\/p>\n<\/li>\n<\/ul>\n<h4 class=\"\" data-start=\"660\" data-end=\"686\">\ud83e\uddf6 Kullan\u0131m Alanlar\u0131:<\/h4>\n<ul data-start=\"687\" data-end=\"904\">\n<li class=\"\" data-start=\"687\" data-end=\"745\">\n<p class=\"\" data-start=\"689\" data-end=\"745\">Hal\u0131, kilim ve \u00e7uval gibi dayan\u0131kl\u0131 dokuma \u00fcr\u00fcnlerinde<\/p>\n<\/li>\n<li class=\"\" data-start=\"746\" data-end=\"794\">\n<p class=\"\" data-start=\"748\" data-end=\"794\">Ke\u00e7e yap\u0131m\u0131nda ve geleneksel el sanatlar\u0131nda<\/p>\n<\/li>\n<li class=\"\" data-start=\"795\" data-end=\"874\">\n<p class=\"\" data-start=\"797\" data-end=\"874\">D\u0131\u015f giyim \u00fcr\u00fcnlerinde, \u00f6zellikle r\u00fczg\u00e2r ve so\u011fu\u011fa kar\u015f\u0131 koruyucu giysilerde<\/p>\n<\/li>\n<li class=\"\" data-start=\"875\" data-end=\"904\">\n<p class=\"\" data-start=\"877\" data-end=\"904\">\u015eapka, yaka ve s\u00fcslemelerde<\/p>\n<\/li>\n<\/ul>\n<h4 class=\"\" data-start=\"906\" data-end=\"939\">\ud83c\udf3f Do\u011fall\u0131k ve Dayan\u0131kl\u0131l\u0131k:<\/h4>\n<p class=\"\" data-start=\"940\" data-end=\"1158\">Karakul y\u00fcn\u00fc, do\u011fall\u0131\u011f\u0131 kadar <strong data-start=\"970\" data-end=\"994\">uzun \u00f6m\u00fcrl\u00fc ve g\u00fc\u00e7l\u00fc<\/strong> olmas\u0131yla da dikkat \u00e7eker. Sert yap\u0131s\u0131na ra\u011fmen i\u015flendik\u00e7e formunu korur ve y\u0131llarca kullan\u0131labilir. Geleneksel el sanatlar\u0131nda tercih edilmesinin nedeni de budur.<\/p>\n\n    <div class=\"xs_social_share_widget xs_share_url after_content \t\tmain_content  wslu-style-1 wslu-share-box-shaped wslu-fill-colored wslu-none wslu-share-horizontal wslu-theme-font-no wslu-main_content\">\n\n\t\t\n        <ul>\n\t\t\t        <\/ul>\n    <\/div> \n","protected":false},"excerpt":{"rendered":"<p>%100 Do\u011fal Karakul Y\u00fcn\u00fc<\/p>\n","protected":false},"featured_media":323,"comment_status":"open","ping_status":"closed","template":"","meta":{"postBodyCss":"","postBodyMargin":[],"postBodyPadding":[],"postBodyBackground":{"backgroundType":"classic","gradient":""}},"product_brand":[],"product_cat":[28,33],"product_tag":[],"class_list":{"0":"post-196","1":"product","2":"type-product","3":"status-publish","4":"has-post-thumbnail","6":"product_cat-yuncesitleri","7":"product_cat-yunler","9":"first","10":"instock","11":"sale","12":"featured","13":"shipping-taxable","14":"purchasable","15":"product-type-simple"},"_links":{"self":[{"href":"https:\/\/temizisyuntarama.com\/index.php?rest_route=\/wp\/v2\/product\/196","targetHints":{"allow":["GET"]}}],"collection":[{"href":"https:\/\/temizisyuntarama.com\/index.php?rest_route=\/wp\/v2\/product"}],"about":[{"href":"https:\/\/temizisyuntarama.com\/index.php?rest_route=\/wp\/v2\/types\/product"}],"replies":[{"embeddable":true,"href":"https:\/\/temizisyuntarama.com\/index.php?rest_route=%2Fwp%2Fv2%2Fcomments&post=196"}],"wp:featuredmedia":[{"embeddable":true,"href":"https:\/\/temizisyuntarama.com\/index.php?rest_route=\/wp\/v2\/media\/323"}],"wp:attachment":[{"href":"https:\/\/temizisyuntarama.com\/index.php?rest_route=%2Fwp%2Fv2%2Fmedia&parent=196"}],"wp:term":[{"taxonomy":"product_brand","embeddable":true,"href":"https:\/\/temizisyuntarama.com\/index.php?rest_route=%2Fwp%2Fv2%2Fproduct_brand&post=196"},{"taxonomy":"product_cat","embeddable":true,"href":"https:\/\/temizisyuntarama.com\/index.php?rest_route=%2Fwp%2Fv2%2Fproduct_cat&post=196"},{"taxonomy":"product_tag","embeddable":true,"href":"https:\/\/temizisyuntarama.com\/index.php?rest_route=%2Fwp%2Fv2%2Fproduct_tag&post=196"}],"curies":[{"name":"wp","href":"https:\/\/api.w.org\/{rel}","templated":true}]}}