{"id":194,"date":"2024-03-01T12:26:35","date_gmt":"2024-03-01T12:26:35","guid":{"rendered":"https:\/\/envothemes.com\/envo-storefront\/?post_type=product&#038;p=194"},"modified":"2025-04-19T06:58:38","modified_gmt":"2025-04-19T06:58:38","slug":"oldies","status":"publish","type":"product","link":"https:\/\/temizisyuntarama.com\/?product=oldies","title":{"rendered":"Ka\u015fmir Y\u00fcn\u00fc"},"content":{"rendered":"<p class=\"\" data-start=\"118\" data-end=\"338\"><strong data-start=\"118\" data-end=\"133\">Ka\u015fmir y\u00fcn\u00fc<\/strong>, Himalayalar\u2019\u0131n zorlu ikliminde ya\u015fayan <strong data-start=\"174\" data-end=\"197\">Ka\u015fmir ke\u00e7ilerinden<\/strong> elde edilen, d\u00fcnyadaki en l\u00fcks ve de\u011ferli do\u011fal liflerden biridir. \u0130nce, yumu\u015fak ve hafif yap\u0131s\u0131yla tekstil d\u00fcnyas\u0131nda zarafetin sembol\u00fcd\u00fcr.<\/p>\n<h4 class=\"\" data-start=\"340\" data-end=\"369\">\u2728 \u00d6ne \u00c7\u0131kan \u00d6zellikleri:<\/h4>\n<ul data-start=\"371\" data-end=\"832\">\n<li class=\"\" data-start=\"371\" data-end=\"515\">\n<p class=\"\" data-start=\"373\" data-end=\"515\"><strong data-start=\"373\" data-end=\"393\">Ultra yumu\u015fakl\u0131k<\/strong>: Ka\u015fmir, en ince do\u011fal liflerden biridir (yakla\u015f\u0131k 14-19 mikron kal\u0131nl\u0131\u011f\u0131nda). Cilde ipek gibi yumu\u015fak bir temas sunar.<\/p>\n<\/li>\n<li class=\"\" data-start=\"516\" data-end=\"609\">\n<p class=\"\" data-start=\"518\" data-end=\"609\"><strong data-start=\"518\" data-end=\"540\">Is\u0131 tutma \u00f6zelli\u011fi<\/strong>: Ayn\u0131 kal\u0131nl\u0131ktaki koyun y\u00fcn\u00fcne g\u00f6re 8 kat daha fazla s\u0131cak tutar.<\/p>\n<\/li>\n<li class=\"\" data-start=\"610\" data-end=\"665\">\n<p class=\"\" data-start=\"612\" data-end=\"665\"><strong data-start=\"612\" data-end=\"624\">Hafiflik<\/strong>: V\u00fccudu a\u011f\u0131rla\u015ft\u0131rmadan konfor sa\u011flar.<\/p>\n<\/li>\n<li class=\"\" data-start=\"666\" data-end=\"750\">\n<p class=\"\" data-start=\"668\" data-end=\"750\"><strong data-start=\"668\" data-end=\"689\">Nefes alabilirlik<\/strong>: Terletmeden s\u0131cak tutar, y\u0131l boyunca rahat\u00e7a giyilebilir.<\/p>\n<\/li>\n<li class=\"\" data-start=\"751\" data-end=\"832\">\n<p class=\"\" data-start=\"753\" data-end=\"832\"><strong data-start=\"753\" data-end=\"783\">Do\u011fal parlakl\u0131k ve zarafet<\/strong>: Giyim \u00fcr\u00fcnlerinde sofistike bir g\u00f6r\u00fcn\u00fcm sa\u011flar.<\/p>\n<\/li>\n<\/ul>\n<h4 class=\"\" data-start=\"834\" data-end=\"860\">\ud83e\uddf6 Kullan\u0131m Alanlar\u0131:<\/h4>\n<ul data-start=\"862\" data-end=\"1073\">\n<li class=\"\" data-start=\"862\" data-end=\"899\">\n<p class=\"\" data-start=\"864\" data-end=\"899\">L\u00fcks kazak, h\u0131rka, \u015fal ve atk\u0131lar<\/p>\n<\/li>\n<li class=\"\" data-start=\"900\" data-end=\"934\">\n<p class=\"\" data-start=\"902\" data-end=\"934\">\u015e\u0131k kaban ve mont i\u00e7 astarlar\u0131<\/p>\n<\/li>\n<li class=\"\" data-start=\"935\" data-end=\"980\">\n<p class=\"\" data-start=\"937\" data-end=\"980\">\u00d6zel tasar\u0131m elbiseler ve tak\u0131m elbiseler<\/p>\n<\/li>\n<li class=\"\" data-start=\"981\" data-end=\"1028\">\n<p class=\"\" data-start=\"983\" data-end=\"1028\">Y\u00fcksek kaliteli battaniyeler ve ev tekstili<\/p>\n<\/li>\n<li class=\"\" data-start=\"1029\" data-end=\"1073\">\n<p class=\"\" data-start=\"1031\" data-end=\"1073\">L\u00fcks moda markalar\u0131n\u0131n \u00f6zel koleksiyonlar\u0131<\/p>\n<\/li>\n<\/ul>\n<h4 class=\"\" data-start=\"1075\" data-end=\"1106\">\ud83c\udf3f Neden Bu Kadar De\u011ferli?<\/h4>\n<p class=\"\" data-start=\"1108\" data-end=\"1320\">Ka\u015fmir ke\u00e7ileri, y\u0131lda yaln\u0131zca <strong data-start=\"1140\" data-end=\"1159\">birka\u00e7 y\u00fcz gram<\/strong> ince alt t\u00fcy verir. Bu t\u00fcyler elde, b\u00fcy\u00fck \u00f6zenle toplan\u0131r ve i\u015flenir. Elde edilen az miktar y\u00fcn ve y\u00fcksek i\u015f\u00e7ilik nedeniyle Ka\u015fmir \u00fcr\u00fcnleri olduk\u00e7a k\u0131ymetlidir.<\/p>\n<h4 class=\"\" data-start=\"1322\" data-end=\"1341\">\u26a0\ufe0f Bak\u0131m Notu:<\/h4>\n<p class=\"\" data-start=\"1343\" data-end=\"1492\">Ka\u015fmir \u00fcr\u00fcnler \u00f6zen ister. Genellikle elde y\u0131kanmal\u0131 veya kuru temizlemeye verilmelidir. Do\u011fru sakland\u0131\u011f\u0131nda y\u0131llarca formunu ve yumu\u015fakl\u0131\u011f\u0131n\u0131 korur.<\/p>\n<hr class=\"\" data-start=\"1494\" data-end=\"1497\" \/>\n<p class=\"\" data-start=\"1499\" data-end=\"1641\"><strong data-start=\"1499\" data-end=\"1514\">Ka\u015fmir y\u00fcn\u00fc<\/strong>, hem zarafetin hem de do\u011fall\u0131\u011f\u0131n simgesidir. Sade ama \u015f\u0131k g\u00f6r\u00fcnmek isteyenlerin, kaliteden \u00f6d\u00fcn vermeyenlerin vazge\u00e7ilmezidir.<\/p>\n\n    <div class=\"xs_social_share_widget xs_share_url after_content \t\tmain_content  wslu-style-1 wslu-share-box-shaped wslu-fill-colored wslu-none wslu-share-horizontal wslu-theme-font-no wslu-main_content\">\n\n\t\t\n        <ul>\n\t\t\t        <\/ul>\n    <\/div> \n","protected":false},"excerpt":{"rendered":"<p>%100 Do\u011fal<\/p>\n","protected":false},"featured_media":401,"comment_status":"open","ping_status":"closed","template":"","meta":{"postBodyCss":"","postBodyMargin":[],"postBodyPadding":[],"postBodyBackground":{"backgroundType":"classic","gradient":""}},"product_brand":[],"product_cat":[20],"product_tag":[],"class_list":{"0":"post-194","1":"product","2":"type-product","3":"status-publish","4":"has-post-thumbnail","6":"product_cat-nevresim-cesitleri","8":"first","9":"instock","10":"shipping-taxable","11":"product-type-simple"},"_links":{"self":[{"href":"https:\/\/temizisyuntarama.com\/index.php?rest_route=\/wp\/v2\/product\/194","targetHints":{"allow":["GET"]}}],"collection":[{"href":"https:\/\/temizisyuntarama.com\/index.php?rest_route=\/wp\/v2\/product"}],"about":[{"href":"https:\/\/temizisyuntarama.com\/index.php?rest_route=\/wp\/v2\/types\/product"}],"replies":[{"embeddable":true,"href":"https:\/\/temizisyuntarama.com\/index.php?rest_route=%2Fwp%2Fv2%2Fcomments&post=194"}],"wp:featuredmedia":[{"embeddable":true,"href":"https:\/\/temizisyuntarama.com\/index.php?rest_route=\/wp\/v2\/media\/401"}],"wp:attachment":[{"href":"https:\/\/temizisyuntarama.com\/index.php?rest_route=%2Fwp%2Fv2%2Fmedia&parent=194"}],"wp:term":[{"taxonomy":"product_brand","embeddable":true,"href":"https:\/\/temizisyuntarama.com\/index.php?rest_route=%2Fwp%2Fv2%2Fproduct_brand&post=194"},{"taxonomy":"product_cat","embeddable":true,"href":"https:\/\/temizisyuntarama.com\/index.php?rest_route=%2Fwp%2Fv2%2Fproduct_cat&post=194"},{"taxonomy":"product_tag","embeddable":true,"href":"https:\/\/temizisyuntarama.com\/index.php?rest_route=%2Fwp%2Fv2%2Fproduct_tag&post=194"}],"curies":[{"name":"wp","href":"https:\/\/api.w.org\/{rel}","templated":true}]}}